{"id":6927,"date":"2022-07-27T08:30:22","date_gmt":"2022-07-27T08:30:22","guid":{"rendered":"https:\/\/oehringen-paletten-service.de\/?page_id=6927"},"modified":"2023-02-27T10:31:12","modified_gmt":"2023-02-27T10:31:12","slug":"gitterboxen","status":"publish","type":"page","link":"https:\/\/oehringen-paletten-service.de\/index.php\/gitterboxen\/","title":{"rendered":"Gitterboxen"},"content":{"rendered":"<section class=\"wpb-content-wrapper\"><p>[vc_row row_btt_skin=&#8221;light&#8221; row_background_text_position=&#8221;front&#8221;][vc_column css=&#8221;.vc_custom_1663234605478{padding-bottom: 90px !important;}&#8221;][vc_column_text]<\/p>\n<h4>Gitterboxen von<\/h4>\n<h3><span style=\"color: #008000;\">\u00d6hringen<\/span> Paletten Service<\/h3>\n<p>EPAL-Gitterboxen sind millionenfach bew\u00e4hrte Lager- und Transportbeh\u00e4lter. Sie erlauben sicheren Transport und stabile Lagerung bei optimaler Arbeitssicherheit. Sie sind klassische Ladungstr\u00e4ger f\u00fcr Industrie und Handel.<\/p>\n<p>Die stabile Stahlrahmen-Gitter-Konstruktion ist robust und logistisch optimiert. Die Gitterboxen k\u00f6nnen \u00fcber das EPAL-Poolsystem europaweit getauscht werden. Das EPAL-Pr\u00fcfsiegel steht f\u00fcr verl\u00e4ssliche Qualit\u00e4t.[\/vc_column_text][\/vc_column][\/vc_row][vc_row row_btt_skin=&#8221;light&#8221; row_background_text_position=&#8221;front&#8221;][vc_column][vc_zigzag color=&#8221;green&#8221; el_border_width=&#8221;15&#8243;][\/vc_column][\/vc_row][vc_row row_btt_skin=&#8221;light&#8221; row_background_text_position=&#8221;front&#8221;][vc_column width=&#8221;1\/2&#8243;]<div class=\"mkdf-banner-holder  mkdf-hover-background-color mkdf-banner-info-default\">\n    <div class=\"mkdf-banner-image\">\n            <\/div>\n    <div class=\"mkdf-banner-text-holder\" style=\"padding: 35px 22px 31px 0\">\n\t    <div class=\"mkdf-banner-text-outer\">\n\t\t    <div class=\"mkdf-banner-text-inner\">\n\t\t        \t\t            <h5 class=\"mkdf-banner-subtitle\" style=\"font-size: 14px\">\n\t\t\t            KAUF\t\t            <\/h5>\n\t\t        \t\t        \t\t            <h4 class=\"mkdf-banner-title\" style=\"margin-top: -3px\">\n\t\t                GITTERBOXEN KAUF\t                <\/h4>\n\t\t        \t\t\t\t                    <a itemprop=\"url\" href=\"https:\/\/oehringen-paletten-service.de\/index.php\/service\/\" target=\"_self\"  class=\"mkdf-btn mkdf-btn-medium mkdf-btn-simple\"  >\n    <span class=\"mkdf-btn-text\"><\/span>\n    <\/a>\t\t        \t\t\t<\/div>\n\t\t<\/div>\n\t<\/div>\n\t        <a itemprop=\"url\" class=\"mkdf-banner-link\" href=\"https:\/\/oehringen-paletten-service.de\/index.php\/service\/\" target=\"_self\"><\/a>\n    <div class=\"mkdf-banner-bottom-line\" ><\/div>\n<\/div>[\/vc_column][vc_column width=&#8221;1\/2&#8243;]<div class=\"mkdf-banner-holder  mkdf-hover-background-color mkdf-banner-info-default\">\n    <div class=\"mkdf-banner-image\">\n            <\/div>\n    <div class=\"mkdf-banner-text-holder\" style=\"padding: 35px 22px 31px 0\">\n\t    <div class=\"mkdf-banner-text-outer\">\n\t\t    <div class=\"mkdf-banner-text-inner\">\n\t\t        \t\t            <h5 class=\"mkdf-banner-subtitle\" style=\"font-size: 14px\">\n\t\t\t            MIETE\t\t            <\/h5>\n\t\t        \t\t        \t\t            <h4 class=\"mkdf-banner-title\" style=\"margin-top: -3px\">\n\t\t                GITTERBOXEN MIETE\t                <\/h4>\n\t\t        \t\t\t\t                    <a itemprop=\"url\" href=\"https:\/\/oehringen-paletten-service.de\/index.php\/service\/\" target=\"_self\"  class=\"mkdf-btn mkdf-btn-medium mkdf-btn-simple\"  >\n    <span class=\"mkdf-btn-text\"><\/span>\n    <\/a>\t\t        \t\t\t<\/div>\n\t\t<\/div>\n\t<\/div>\n\t        <a itemprop=\"url\" class=\"mkdf-banner-link\" href=\"https:\/\/oehringen-paletten-service.de\/index.php\/service\/\" target=\"_self\"><\/a>\n    <div class=\"mkdf-banner-bottom-line\" ><\/div>\n<\/div>[\/vc_column][\/vc_row][vc_row row_btt_skin=&#8221;light&#8221; row_background_text_position=&#8221;front&#8221;][vc_column width=&#8221;1\/2&#8243;]<div class=\"mkdf-banner-holder  mkdf-hover-background-color mkdf-banner-info-default\">\n    <div class=\"mkdf-banner-image\">\n            <\/div>\n    <div class=\"mkdf-banner-text-holder\" style=\"padding: 35px 22px 31px 0\">\n\t    <div class=\"mkdf-banner-text-outer\">\n\t\t    <div class=\"mkdf-banner-text-inner\">\n\t\t        \t\t            <h5 class=\"mkdf-banner-subtitle\" style=\"font-size: 14px\">\n\t\t\t            TAUSCH\t\t            <\/h5>\n\t\t        \t\t        \t\t            <h4 class=\"mkdf-banner-title\" style=\"margin-top: -3px\">\n\t\t                GITTERBOXEN TAUSCH\t                <\/h4>\n\t\t        \t\t\t\t                    <a itemprop=\"url\" href=\"https:\/\/oehringen-paletten-service.de\/index.php\/service\/\" target=\"_self\"  class=\"mkdf-btn mkdf-btn-medium mkdf-btn-simple\"  >\n    <span class=\"mkdf-btn-text\"><\/span>\n    <\/a>\t\t        \t\t\t<\/div>\n\t\t<\/div>\n\t<\/div>\n\t        <a itemprop=\"url\" class=\"mkdf-banner-link\" href=\"https:\/\/oehringen-paletten-service.de\/index.php\/service\/\" target=\"_self\"><\/a>\n    <div class=\"mkdf-banner-bottom-line\" ><\/div>\n<\/div>[\/vc_column][vc_column width=&#8221;1\/2&#8243;]<div class=\"mkdf-banner-holder  mkdf-hover-background-color mkdf-banner-info-default\">\n    <div class=\"mkdf-banner-image\">\n            <\/div>\n    <div class=\"mkdf-banner-text-holder\" style=\"padding: 35px 22px 31px 0\">\n\t    <div class=\"mkdf-banner-text-outer\">\n\t\t    <div class=\"mkdf-banner-text-inner\">\n\t\t        \t\t            <h5 class=\"mkdf-banner-subtitle\" style=\"font-size: 14px\">\n\t\t\t            \u00d6hringen Paletten Service\t\t            <\/h5>\n\t\t        \t\t        \t\t            <h4 class=\"mkdf-banner-title\" style=\"margin-top: -3px\">\n\t\t                SONDERLADUNGSTR\u00c4GER L1\t                <\/h4>\n\t\t        \t\t\t\t                    <a itemprop=\"url\" href=\"https:\/\/oehringen-paletten-service.de\/index.php\/service\/\" target=\"_self\"  class=\"mkdf-btn mkdf-btn-medium mkdf-btn-simple\"  >\n    <span class=\"mkdf-btn-text\"><\/span>\n    <\/a>\t\t        \t\t\t<\/div>\n\t\t<\/div>\n\t<\/div>\n\t        <a itemprop=\"url\" class=\"mkdf-banner-link\" href=\"https:\/\/oehringen-paletten-service.de\/index.php\/service\/\" target=\"_self\"><\/a>\n    <div class=\"mkdf-banner-bottom-line\" ><\/div>\n<\/div>[\/vc_column][\/vc_row]<\/p>\n<\/section>","protected":false},"excerpt":{"rendered":"<p>[vc_row row_btt_skin=&#8221;light&#8221; row_background_text_position=&#8221;front&#8221;][vc_column css=&#8221;.vc_custom_1663234605478{padding-bottom: 90px !important;}&#8221;][vc_column_text] Gitterboxen von \u00d6hringen Paletten Service EPAL-Gitterboxen sind millionenfach bew\u00e4hrte Lager- und Transportbeh\u00e4lter. Sie erlauben sicheren Transport und stabile Lagerung bei optimaler Arbeitssicherheit. Sie sind klassische Ladungstr\u00e4ger f\u00fcr Industrie und Handel. Die stabile Stahlrahmen-Gitter-Konstruktion ist [&hellip;]<\/p>\n","protected":false},"author":1,"featured_media":0,"parent":0,"menu_order":0,"comment_status":"closed","ping_status":"closed","template":"","meta":{"om_disable_all_campaigns":false,"_monsterinsights_skip_tracking":false,"_monsterinsights_sitenote_active":false,"_monsterinsights_sitenote_note":"","_monsterinsights_sitenote_category":0},"aioseo_notices":[],"_links":{"self":[{"href":"https:\/\/oehringen-paletten-service.de\/index.php\/wp-json\/wp\/v2\/pages\/6927"}],"collection":[{"href":"https:\/\/oehringen-paletten-service.de\/index.php\/wp-json\/wp\/v2\/pages"}],"about":[{"href":"https:\/\/oehringen-paletten-service.de\/index.php\/wp-json\/wp\/v2\/types\/page"}],"author":[{"embeddable":true,"href":"https:\/\/oehringen-paletten-service.de\/index.php\/wp-json\/wp\/v2\/users\/1"}],"replies":[{"embeddable":true,"href":"https:\/\/oehringen-paletten-service.de\/index.php\/wp-json\/wp\/v2\/comments?post=6927"}],"version-history":[{"count":6,"href":"https:\/\/oehringen-paletten-service.de\/index.php\/wp-json\/wp\/v2\/pages\/6927\/revisions"}],"predecessor-version":[{"id":7140,"href":"https:\/\/oehringen-paletten-service.de\/index.php\/wp-json\/wp\/v2\/pages\/6927\/revisions\/7140"}],"wp:attachment":[{"href":"https:\/\/oehringen-paletten-service.de\/index.php\/wp-json\/wp\/v2\/media?parent=6927"}],"curies":[{"name":"wp","href":"https:\/\/api.w.org\/{rel}","templated":true}]}}