{"id":6938,"date":"2022-07-27T09:06:04","date_gmt":"2022-07-27T09:06:04","guid":{"rendered":"https:\/\/oehringen-paletten-service.de\/?page_id=6938"},"modified":"2023-03-05T12:41:49","modified_gmt":"2023-03-05T12:41:49","slug":"service","status":"publish","type":"page","link":"https:\/\/oehringen-paletten-service.de\/index.php\/service\/","title":{"rendered":"Service"},"content":{"rendered":"<section class=\"wpb-content-wrapper\"><p>[vc_row row_btt_skin=&#8221;light&#8221; row_background_text_position=&#8221;front&#8221;][vc_column width=&#8221;1\/2&#8243;][vc_column_text]<\/p>\n<div class=\"elementor-element elementor-element-4454173e elementor-widget elementor-widget-heading\" data-id=\"4454173e\" data-element_type=\"widget\" data-widget_type=\"heading.default\">\n<div class=\"elementor-widget-container\">\n<h3 class=\"elementor-heading-title elementor-size-default\">Unser Team ist f\u00fcr Sie da!<\/h3>\n<\/div>\n<\/div>\n<div class=\"elementor-element elementor-element-33c85feb elementor-widget-divider--separator-type-pattern elementor-widget-divider--view-line elementor-widget elementor-widget-divider\" data-id=\"33c85feb\" data-element_type=\"widget\" data-widget_type=\"divider.default\">\n<div class=\"elementor-widget-container\">\n<div class=\"elementor-divider\"><\/div>\n<\/div>\n<\/div>\n<div class=\"elementor-element elementor-element-44e2a052 elementor-widget elementor-widget-text-editor\" data-id=\"44e2a052\" data-element_type=\"widget\" data-widget_type=\"text-editor.default\">\n<div class=\"elementor-widget-container\">\n<div class=\"elementor-text-editor elementor-clearfix\">\n<p>Haben Sie Fragen oder ben\u00f6tigen weitere Informationen, dann\u00a0 z\u00f6gern Sie nicht unser Team telefonisch zu kontaktieren.<\/p>\n<p>Wie auch immer Ihre Aufgabenstellung sein mag, wir unterst\u00fctzen Sie mit unserem langj\u00e4hrigen Know-how und kommen gemeinsam mit Ihnen zu \u00fcberzeugenden L\u00f6sungen. Wenn Sie es w\u00fcnschen, ma\u00dfgeschneidert f\u00fcr Ihre Anforderungen. Wir stellen uns jeder Herausforderung. Fragen Sie einfach an!<\/p>\n<\/div>\n<\/div>\n<\/div>\n<p>[\/vc_column_text][\/vc_column][vc_column width=&#8221;1\/2&#8243; css=&#8221;.vc_custom_1659276780648{padding-top: 55px !important;}&#8221;][vc_column_text]Service ist bei uns nicht nur ein Wort, sondern elementarer Bestandteil unserer Gesamtleistung. Er umfasst alle Dienstleistungen, die direkt oder indirekt mit unseren Produkten zusammenh\u00e4ngen. Von A wie Abholung bis Z wie Zoll.[\/vc_column_text][\/vc_column][\/vc_row][vc_row row_btt_skin=&#8221;light&#8221; row_background_text_position=&#8221;front&#8221;][vc_column width=&#8221;1\/2&#8243; css=&#8221;.vc_custom_1659277508563{padding-top: 90px !important;}&#8221;][vc_column_text]<\/p>\n<h3>\u00d6hringen Paletten Service<\/h3>\n<p>[\/vc_column_text][vc_empty_space height=&#8221;14px&#8221;]<div class=\"mkdf-iwt clearfix  mkdf-iwt-icon-left  mkdf-iwt-icon-medium\" >\n\t<div class=\"mkdf-iwt-icon\">\n\t\t\t\t\t<a itemprop=\"url\" href=\"https:\/\/goo.gl\/maps\/m2XZbCUm39dBW6Fk6\" target=\"_self\">\n\t\t\t\t\t                <svg version=\"1.1\" id=\"Layer_1\" xmlns=\"http:\/\/www.w3.org\/2000\/svg\" xmlns:xlink=\"http:\/\/www.w3.org\/1999\/xlink\" x=\"0px\" y=\"0px\"\n\t width=\"15px\" height=\"18px\" viewBox=\"0 0 13 16\" style=\"enable-background:new 0 0 13 16;\" xml:space=\"preserve\">\n<style type=\"text\/css\">\n\t.st0{fill:#001659;}\n<\/style>\n<g>\n\t<path class=\"st0\" d=\"M11.8,2.8C10.6,1,8.7,0,6.5,0C4.3,0,2.4,1,1.2,2.8c-1.2,1.8-1.5,4-0.8,6c0.2,0.5,0.5,1.1,0.9,1.6L6,15.8\n\t\tC6.1,15.9,6.3,16,6.5,16c0.2,0,0.4-0.1,0.5-0.2l4.6-5.4c0.4-0.5,0.7-1,0.9-1.6C13.3,6.8,13.1,4.6,11.8,2.8z M11.4,8.3\n\t\tc-0.1,0.4-0.4,0.8-0.7,1.2l-4.2,4.9L2.3,9.5C2,9.1,1.8,8.7,1.6,8.3C1,6.7,1.3,4.9,2.2,3.5c1-1.4,2.5-2.2,4.3-2.2s3.3,0.8,4.3,2.2\n\t\tC11.7,4.9,12,6.7,11.4,8.3z\"\/>\n\t<path class=\"st0\" d=\"M6.5,3.3c-1.8,0-3.2,1.4-3.2,3.2s1.4,3.2,3.2,3.2c1.8,0,3.2-1.4,3.2-3.2S8.3,3.3,6.5,3.3z M8.4,6.5\n\t\tc0,1-0.8,1.9-1.9,1.9c-1,0-1.9-0.8-1.9-1.9s0.8-1.9,1.9-1.9C7.5,4.6,8.4,5.4,8.4,6.5z\"\/>\n<\/g>\n<\/svg>\n\t\t\t\t\t\t\t\t<\/a>\n\t\t\t<\/div>\n\t<div class=\"mkdf-iwt-content\" >\n        \t\t\t\t\t\t\t<p class=\"mkdf-iwt-text\" >Ziegeleistra\u00dfe 16, 74613 \u00d6hringen<\/p>\n\t\t\t<\/div>\n<\/div>[vc_empty_space height=&#8221;8px&#8221;]<div class=\"mkdf-iwt clearfix  mkdf-iwt-icon-left  mkdf-iwt-icon-medium\" >\n\t<div class=\"mkdf-iwt-icon\">\n\t\t\t\t\t<a itemprop=\"url\" href=\"tel:01726555597\" target=\"_self\">\n\t\t\t\t\t                <svg version=\"1.1\" id=\"Layer_1\" xmlns=\"http:\/\/www.w3.org\/2000\/svg\" xmlns:xlink=\"http:\/\/www.w3.org\/1999\/xlink\" x=\"0px\" y=\"0px\"\n\t width=\"18px\" height=\"18px\" viewBox=\"0 0 16 16\" style=\"enable-background:new 0 0 16 16;\" xml:space=\"preserve\">\n<style type=\"text\/css\">\n\t.st0{fill:#12192D;}\n<\/style>\n<path class=\"st0\" d=\"M12.5,6.9c-0.3,0-0.6-0.2-0.6-0.5c-0.2-1.2-1.1-2-2.3-2.3C9.3,4,9.1,3.7,9.1,3.3C9.2,3,9.5,2.8,9.9,2.8\n\tC10.7,3,11.4,3.4,12,4c0.6,0.6,1,1.3,1.1,2.1c0.1,0.4-0.2,0.7-0.5,0.8C12.6,6.9,12.6,6.9,12.5,6.9z\"\/>\n<path class=\"st0\" d=\"M15.4,6.9c-0.3,0-0.6-0.2-0.6-0.6c-0.3-2.7-2.4-4.7-5-5c-0.4,0-0.6-0.4-0.6-0.7C9.2,0.2,9.5,0,9.8,0\n\tc1.6,0.2,3,0.9,4.2,2c1.1,1.1,1.8,2.6,2,4.2C16,6.5,15.8,6.8,15.4,6.9C15.4,6.9,15.4,6.9,15.4,6.9z\"\/>\n<path class=\"st0\" d=\"M13.2,16c-0.1,0-0.1,0-0.2,0c0,0,0,0,0,0c-2.3-0.2-4.5-1-6.4-2.3c-1.8-1.1-3.3-2.6-4.4-4.4C1,7.4,0.2,5.2,0,2.9\n\tc0,0,0,0,0,0c-0.1-1.1,0.7-2.1,1.9-2.2c0.1,0,0.1,0,0.2,0h2.1c1,0,1.9,0.7,2.1,1.8c0,0,0,0,0,0c0.1,0.6,0.2,1.2,0.5,1.8\n\tC7,5.1,6.8,5.9,6.2,6.5c0,0,0,0,0,0L5.7,7c0.8,1.3,2,2.5,3.3,3.3l0.5-0.5c0,0,0,0,0,0c0.6-0.6,1.4-0.7,2.2-0.5\n\tc0.6,0.2,1.2,0.4,1.8,0.5c0,0,0,0,0,0c1,0.1,1.8,1,1.8,2.1v2.1C15.3,15.1,14.4,16,13.2,16C13.2,16,13.2,16,13.2,16z M13.2,14.7\n\tC13.2,14.7,13.2,14.7,13.2,14.7c0.5,0,0.8-0.3,0.8-0.8v-2.1c0,0,0,0,0,0c0-0.4-0.3-0.7-0.7-0.8c-0.7-0.1-1.4-0.3-2.1-0.5\n\tc-0.3-0.1-0.6,0-0.8,0.2l-0.9,0.9c-0.2,0.2-0.5,0.2-0.8,0.1c-1.9-1.1-3.4-2.6-4.5-4.5C4.1,7,4.2,6.7,4.4,6.5l0.9-0.9\n\tC5.5,5.3,5.6,5,5.5,4.8C5.2,4.1,5,3.4,4.9,2.6C4.9,2.3,4.6,2,4.2,2c0,0,0,0,0,0H2.1C2,2,2,2,2,2C1.6,2,1.3,2.4,1.3,2.8\n\tc0.2,2.1,0.9,4.1,2.1,5.8c0,0,0,0,0,0c1,1.6,2.4,3,4,4c0,0,0,0,0,0C9.1,13.8,11.1,14.5,13.2,14.7z\"\/>\n<\/svg>\t\t\t\t\t\t\t\t<\/a>\n\t\t\t<\/div>\n\t<div class=\"mkdf-iwt-content\" >\n        \t\t\t\t\t\t\t<p class=\"mkdf-iwt-text\" >0 172 \/ 655 55 97<\/p>\n\t\t\t<\/div>\n<\/div><div class=\"mkdf-iwt clearfix  mkdf-iwt-icon-left  mkdf-iwt-icon-medium\" >\n\t<div class=\"mkdf-iwt-icon\">\n\t\t\t\t\t\t\t\t\t    <span class=\"mkdf-icon-shortcode mkdf-normal   mkdf-icon-medium\"  >\n                    <i class=\"mkdf-icon-dripicons dripicon  mkdf-icon-element\" style=\"\" ><\/i>            <\/span>\n\t\t\t\t\t\t<\/div>\n\t<div class=\"mkdf-iwt-content\" >\n        \t\t\t\t\t\t\t<p class=\"mkdf-iwt-text\" >0 172 \/ 444 46 27<\/p>\n\t\t\t<\/div>\n<\/div>[vc_empty_space height=&#8221;5px&#8221;]<div class=\"mkdf-iwt clearfix  mkdf-iwt-icon-left  mkdf-iwt-icon-medium\" >\n\t<div class=\"mkdf-iwt-icon\">\n\t\t\t\t\t<a itemprop=\"url\" href=\"mailto:info@oehringen-paletten-service.de\" target=\"_self\">\n\t\t\t\t\t                <svg version=\"1.1\" id=\"Layer_1\" xmlns=\"http:\/\/www.w3.org\/2000\/svg\" xmlns:xlink=\"http:\/\/www.w3.org\/1999\/xlink\" x=\"0px\" y=\"0px\"\n\twidth=\"18px\" height=\"18px\" viewBox=\"0 0 16 16\" style=\"enable-background:new 0 0 16 16;\" xml:space=\"preserve\">\n<style type=\"text\/css\">\n\t.st0{fill:#12192D;}\n<\/style>\n<path class=\"st0\" d=\"M13.7,2.3C12.1,0.8,10.1,0,8,0c0,0,0,0,0,0C5.9,0,3.9,0.8,2.3,2.3C0.8,3.9,0,5.9,0,8c0,2.1,0.8,4.1,2.3,5.7\n\tC3.9,15.2,5.9,16,8,16c0,0,0,0,0,0c1.7,0,3.5-0.6,4.9-1.6c0.3-0.2,0.3-0.6,0.1-0.9c-0.2-0.3-0.6-0.3-0.9-0.1\n\tc-1.2,0.9-2.6,1.4-4.1,1.4h0c-1.8,0-3.5-0.7-4.7-2c-1.3-1.3-2-3-2-4.7c0-3.7,3-6.7,6.7-6.7h0c3.7,0,6.7,3,6.7,6.7v0.7\n\tc0,0.9-0.7,1.6-1.6,1.6c-0.9,0-1.6-0.7-1.6-1.6V8l0,0c0-2-1.6-3.6-3.6-3.6C6,4.4,4.4,6,4.4,8S6,11.6,8,11.6c1.1,0,2.1-0.5,2.8-1.3\n\tc0.5,0.8,1.4,1.3,2.4,1.3c1.6,0,2.9-1.3,2.9-2.9V8C16,5.9,15.2,3.9,13.7,2.3z M8,10.3c-1.3,0-2.3-1-2.3-2.3s1-2.3,2.3-2.3\n\tc1.3,0,2.3,1,2.3,2.3S9.3,10.3,8,10.3z\"\/>\n<\/svg>\t\t\t\t\t\t\t\t<\/a>\n\t\t\t<\/div>\n\t<div class=\"mkdf-iwt-content\" >\n        \t\t\t\t\t\t\t<p class=\"mkdf-iwt-text\" >info@oehringen-paletten-service.de<\/p>\n\t\t\t<\/div>\n<\/div>[\/vc_column][vc_column width=&#8221;1\/2&#8243;][vc_single_image image=&#8221;7076&#8243; img_size=&#8221;medium&#8221; alignment=&#8221;center&#8221;][\/vc_column][\/vc_row]<\/p>\n<\/section>","protected":false},"excerpt":{"rendered":"<p>[vc_row row_btt_skin=&#8221;light&#8221; row_background_text_position=&#8221;front&#8221;][vc_column width=&#8221;1\/2&#8243;][vc_column_text] Unser Team ist f\u00fcr Sie da! Haben Sie Fragen oder ben\u00f6tigen weitere Informationen, dann\u00a0 z\u00f6gern Sie nicht unser Team telefonisch zu kontaktieren. Wie auch immer Ihre Aufgabenstellung sein mag, wir unterst\u00fctzen Sie mit unserem langj\u00e4hrigen Know-how [&hellip;]<\/p>\n","protected":false},"author":1,"featured_media":0,"parent":0,"menu_order":0,"comment_status":"closed","ping_status":"closed","template":"","meta":{"om_disable_all_campaigns":false,"_monsterinsights_skip_tracking":false,"_monsterinsights_sitenote_active":false,"_monsterinsights_sitenote_note":"","_monsterinsights_sitenote_category":0},"aioseo_notices":[],"_links":{"self":[{"href":"https:\/\/oehringen-paletten-service.de\/index.php\/wp-json\/wp\/v2\/pages\/6938"}],"collection":[{"href":"https:\/\/oehringen-paletten-service.de\/index.php\/wp-json\/wp\/v2\/pages"}],"about":[{"href":"https:\/\/oehringen-paletten-service.de\/index.php\/wp-json\/wp\/v2\/types\/page"}],"author":[{"embeddable":true,"href":"https:\/\/oehringen-paletten-service.de\/index.php\/wp-json\/wp\/v2\/users\/1"}],"replies":[{"embeddable":true,"href":"https:\/\/oehringen-paletten-service.de\/index.php\/wp-json\/wp\/v2\/comments?post=6938"}],"version-history":[{"count":3,"href":"https:\/\/oehringen-paletten-service.de\/index.php\/wp-json\/wp\/v2\/pages\/6938\/revisions"}],"predecessor-version":[{"id":7075,"href":"https:\/\/oehringen-paletten-service.de\/index.php\/wp-json\/wp\/v2\/pages\/6938\/revisions\/7075"}],"wp:attachment":[{"href":"https:\/\/oehringen-paletten-service.de\/index.php\/wp-json\/wp\/v2\/media?parent=6938"}],"curies":[{"name":"wp","href":"https:\/\/api.w.org\/{rel}","templated":true}]}}