{"id":6974,"date":"2022-07-27T17:23:56","date_gmt":"2022-07-27T17:23:56","guid":{"rendered":"https:\/\/oehringen-paletten-service.de\/?page_id=6974"},"modified":"2022-07-31T11:36:49","modified_gmt":"2022-07-31T11:36:49","slug":"einweg-paletten","status":"publish","type":"page","link":"https:\/\/oehringen-paletten-service.de\/index.php\/einweg-paletten\/","title":{"rendered":"Einweg- Paletten"},"content":{"rendered":"<section class=\"wpb-content-wrapper\"><p>[vc_row row_btt_skin=&#8221;light&#8221; row_background_text_position=&#8221;front&#8221;][vc_column][vc_column_text]<\/p>\n<h4>Einweg Paletten von <span style=\"color: #008000;\">\u00d6hringen Paletten Service<\/span><\/h4>\n<p>[\/vc_column_text][\/vc_column][vc_column width=&#8221;1\/2&#8243; css=&#8221;.vc_custom_1659267249517{padding-bottom: 90px !important;}&#8221;][vc_column_text]<\/p>\n<h5>Einweg-Paletten sind f\u00fcr den einmaligen Transport ausgelegt. Sie sind nicht Teil eines Paletten-Pools und m\u00fcssen daher nicht die strengen Kriterien von EPAL-Euro-Paletten erf\u00fcllen. Einweg-Paletten werden f\u00fcr den Export in au\u00dfereurop\u00e4ische Staaten oder f\u00fcr den Transport an Endverbraucher eingesetzt. Sie verbleiben beim Empf\u00e4nger und werden von ihm entsorgt.<\/h5>\n<p>[\/vc_column_text][\/vc_column][vc_column width=&#8221;1\/2&#8243; css=&#8221;.vc_custom_1659267259499{padding-bottom: 90px !important;}&#8221;][vc_column_text]<\/p>\n<h5>Einwegverpackungen sind g\u00fcnstig in der Herstellung, zudem entfallen die Kosten f\u00fcr die R\u00fcckf\u00fchrung in den Pool. Mit ihnen k\u00f6nnen h\u00f6chste Hygienestandards eingehalten werden. Sie ben\u00f6tigen Einweg-Paletten? Wir liefern Ihnen gerne Einweg-Paletten aus Holz in allen Abmessungen und Ausf\u00fchrungen.<\/h5>\n<p>[\/vc_column_text][\/vc_column][\/vc_row][vc_row row_btt_skin=&#8221;light&#8221; row_background_text_position=&#8221;front&#8221;][vc_column width=&#8221;1\/3&#8243;]<div class=\"mkdf-elements-holder   mkdf-one-column  mkdf-responsive-mode-768 \" ><div class=\"mkdf-eh-item    \"  data-item-class=\"mkdf-eh-custom-5498\">\n\t<div class=\"mkdf-eh-item-inner\">\n\t\t<div class=\"mkdf-eh-item-content mkdf-eh-custom-5498\" >\n\t\t\t<div class=\"mkdf-image-with-text-holder    mkdf-type-links-on-hover  \">\n    <div class=\"mkdf-iwt-image\">\n                                    <img src=\"https:\/\/oehringen-paletten-service.de\/wp-content\/uploads\/2022\/07\/ZS_0000_Europaletten-400x200.png\" alt=\"\" width=\"400\" height=\"200\" \/>                        <\/div>\n    <div class=\"mkdf-iwt-text-holder\">\n        <div class=\"mkdf-iwt-text-holder-inner\">\n                            <h4 class=\"mkdf-iwt-title\" >\n                                              60X80 EWP                                     <\/h4>\n                                                        <p class=\"mkdf-iwt-text\" >Jests Anfragen<\/p>\n                    <\/div>\n    <\/div>\n            <div class=\"mkdf-iwt-text-links-holder\">\n            <a itemprop=\"url\" href=\"https:\/\/oehringen-paletten-service.de\/index.php\/contact-us\/\" target=\"_self\"  class=\"mkdf-btn mkdf-btn-medium mkdf-btn-simple mkdf-iwt-custom-link-2\"  >    <span class=\"mkdf-btn-text\">Jetzt Anfragen<\/span>    <\/a><a itemprop=\"url\" href=\"https:\/\/oehringen-paletten-service.de\/index.php\/contact-us\/\" target=\"_self\"  class=\"mkdf-btn mkdf-btn-medium mkdf-btn-simple mkdf-iwt-custom-link-2\"  >    <span class=\"mkdf-btn-text\">Mehr Info<\/span>    <\/a>        <\/div>\n    <\/div>\t\t<\/div>\n\t<\/div>\n<\/div><\/div>[\/vc_column][vc_column width=&#8221;1\/3&#8243;]<div class=\"mkdf-elements-holder   mkdf-one-column  mkdf-responsive-mode-768 \" ><div class=\"mkdf-eh-item    \"  data-item-class=\"mkdf-eh-custom-1283\">\n\t<div class=\"mkdf-eh-item-inner\">\n\t\t<div class=\"mkdf-eh-item-content mkdf-eh-custom-1283\" >\n\t\t\t<div class=\"mkdf-image-with-text-holder    mkdf-type-links-on-hover  \">\n    <div class=\"mkdf-iwt-image\">\n                                    <img src=\"https:\/\/oehringen-paletten-service.de\/wp-content\/uploads\/2022\/07\/ZS_0000_Europaletten-400x200.png\" alt=\"\" width=\"400\" height=\"200\" \/>                        <\/div>\n    <div class=\"mkdf-iwt-text-holder\">\n        <div class=\"mkdf-iwt-text-holder-inner\">\n                            <h4 class=\"mkdf-iwt-title\" >\n                                              80X120 EWP                                     <\/h4>\n                                                        <p class=\"mkdf-iwt-text\" >Jetzt Anfragen<\/p>\n                    <\/div>\n    <\/div>\n            <div class=\"mkdf-iwt-text-links-holder\">\n            <a itemprop=\"url\" href=\"https:\/\/oehringen-paletten-service.de\/index.php\/contact-us\/\" target=\"_self\"  class=\"mkdf-btn mkdf-btn-medium mkdf-btn-simple mkdf-iwt-custom-link-2\"  >    <span class=\"mkdf-btn-text\">Jetzt Anfragen<\/span>    <\/a><a itemprop=\"url\" href=\"https:\/\/oehringen-paletten-service.de\/index.php\/contact-us\/\" target=\"_self\"  class=\"mkdf-btn mkdf-btn-medium mkdf-btn-simple mkdf-iwt-custom-link-2\"  >    <span class=\"mkdf-btn-text\">Mehr Info<\/span>    <\/a>        <\/div>\n    <\/div>\t\t<\/div>\n\t<\/div>\n<\/div><\/div>[\/vc_column][vc_column width=&#8221;1\/3&#8243;]<div class=\"mkdf-elements-holder   mkdf-one-column  mkdf-responsive-mode-768 \" ><div class=\"mkdf-eh-item    \"  data-item-class=\"mkdf-eh-custom-5933\">\n\t<div class=\"mkdf-eh-item-inner\">\n\t\t<div class=\"mkdf-eh-item-content mkdf-eh-custom-5933\" >\n\t\t\t<div class=\"mkdf-image-with-text-holder    mkdf-type-links-on-hover  \">\n    <div class=\"mkdf-iwt-image\">\n                                    <img src=\"https:\/\/oehringen-paletten-service.de\/wp-content\/uploads\/2022\/07\/ZS_0000_Europaletten-400x200.png\" alt=\"\" width=\"400\" height=\"200\" \/>                        <\/div>\n    <div class=\"mkdf-iwt-text-holder\">\n        <div class=\"mkdf-iwt-text-holder-inner\">\n                            <h4 class=\"mkdf-iwt-title\" >\n                                              100X120 EWP                                     <\/h4>\n                                                        <p class=\"mkdf-iwt-text\" >Jetzt Anfragen<\/p>\n                    <\/div>\n    <\/div>\n            <div class=\"mkdf-iwt-text-links-holder\">\n            <a itemprop=\"url\" href=\"https:\/\/oehringen-paletten-service.de\/index.php\/contact-us\/\" target=\"_self\"  class=\"mkdf-btn mkdf-btn-medium mkdf-btn-simple mkdf-iwt-custom-link-2\"  >    <span class=\"mkdf-btn-text\">Jetzt Anfragen<\/span>    <\/a><a itemprop=\"url\" href=\"https:\/\/oehringen-paletten-service.de\/index.php\/contact-us\/\" target=\"_self\"  class=\"mkdf-btn mkdf-btn-medium mkdf-btn-simple mkdf-iwt-custom-link-2\"  >    <span class=\"mkdf-btn-text\">Mehr Info<\/span>    <\/a>        <\/div>\n    <\/div>\t\t<\/div>\n\t<\/div>\n<\/div><\/div>[\/vc_column][\/vc_row]<\/p>\n<\/section>","protected":false},"excerpt":{"rendered":"<p>[vc_row row_btt_skin=&#8221;light&#8221; row_background_text_position=&#8221;front&#8221;][vc_column][vc_column_text] Einweg Paletten von \u00d6hringen Paletten Service [\/vc_column_text][\/vc_column][vc_column width=&#8221;1\/2&#8243; css=&#8221;.vc_custom_1659267249517{padding-bottom: 90px !important;}&#8221;][vc_column_text] Einweg-Paletten sind f\u00fcr den einmaligen Transport ausgelegt. Sie sind nicht Teil eines Paletten-Pools und m\u00fcssen daher nicht die strengen Kriterien von EPAL-Euro-Paletten erf\u00fcllen. Einweg-Paletten werden f\u00fcr [&hellip;]<\/p>\n","protected":false},"author":1,"featured_media":0,"parent":0,"menu_order":0,"comment_status":"closed","ping_status":"closed","template":"","meta":{"om_disable_all_campaigns":false,"_monsterinsights_skip_tracking":false,"_monsterinsights_sitenote_active":false,"_monsterinsights_sitenote_note":"","_monsterinsights_sitenote_category":0},"aioseo_notices":[],"_links":{"self":[{"href":"https:\/\/oehringen-paletten-service.de\/index.php\/wp-json\/wp\/v2\/pages\/6974"}],"collection":[{"href":"https:\/\/oehringen-paletten-service.de\/index.php\/wp-json\/wp\/v2\/pages"}],"about":[{"href":"https:\/\/oehringen-paletten-service.de\/index.php\/wp-json\/wp\/v2\/types\/page"}],"author":[{"embeddable":true,"href":"https:\/\/oehringen-paletten-service.de\/index.php\/wp-json\/wp\/v2\/users\/1"}],"replies":[{"embeddable":true,"href":"https:\/\/oehringen-paletten-service.de\/index.php\/wp-json\/wp\/v2\/comments?post=6974"}],"version-history":[{"count":4,"href":"https:\/\/oehringen-paletten-service.de\/index.php\/wp-json\/wp\/v2\/pages\/6974\/revisions"}],"predecessor-version":[{"id":7019,"href":"https:\/\/oehringen-paletten-service.de\/index.php\/wp-json\/wp\/v2\/pages\/6974\/revisions\/7019"}],"wp:attachment":[{"href":"https:\/\/oehringen-paletten-service.de\/index.php\/wp-json\/wp\/v2\/media?parent=6974"}],"curies":[{"name":"wp","href":"https:\/\/api.w.org\/{rel}","templated":true}]}}