{"id":6977,"date":"2022-07-27T17:29:55","date_gmt":"2022-07-27T17:29:55","guid":{"rendered":"https:\/\/oehringen-paletten-service.de\/?page_id=6977"},"modified":"2022-07-31T13:50:26","modified_gmt":"2022-07-31T13:50:26","slug":"cd-paletten","status":"publish","type":"page","link":"https:\/\/oehringen-paletten-service.de\/index.php\/cd-paletten\/","title":{"rendered":"CP-Paletten"},"content":{"rendered":"<section class=\"wpb-content-wrapper\"><p>[vc_row row_btt_skin=&#8221;light&#8221; row_background_text_position=&#8221;front&#8221;][vc_column][vc_column_text]<\/p>\n<h4>CP Paletten von <span style=\"color: #008000;\">\u00d6hringen Paletten Service<\/span><\/h4>\n<p>[\/vc_column_text][\/vc_column][\/vc_row][vc_row row_btt_skin=&#8221;light&#8221; row_background_text_position=&#8221;front&#8221;][vc_column width=&#8221;1\/2&#8243; css=&#8221;.vc_custom_1659268620952{padding-bottom: 90px !important;}&#8221;][vc_column_text]<\/p>\n<h5>Die Nutzung von Kunststoffpaletten ist weit verbreitet. Unternehmen vieler Branchen interessieren sich zunehmend f\u00fcr langlebige und hygienische Materialfluss-L\u00f6sungen, die sich im t\u00e4glichen Handling bew\u00e4hren. Die CP-Palette zeichnet sich durch eine robuste Konstruktion und die Kombination zahlreicher bew\u00e4hrter Produkteigenschaften aus, die f\u00fcr ein H\u00f6chstma\u00df an Stabilit\u00e4t und Sicherheit sorgen.<\/h5>\n<p>[\/vc_column_text][\/vc_column][vc_column width=&#8221;1\/2&#8243; css=&#8221;.vc_custom_1659268629568{padding-bottom: 90px !important;}&#8221;][vc_column_text]<\/p>\n<h5>Ein hoher Hygienestandard pr\u00e4destiniert die Palette als Ladungstr\u00e4ger f\u00fcr sensible Branchen wie chemische Industrie, Nahrungsmittelindustrie oder Automobilindustrie. Sie interessieren sich f\u00fcr CP-Paletten? Gerne unterbreiten wir Ihnen ein Angebot.<\/h5>\n<p>[\/vc_column_text][\/vc_column][\/vc_row][vc_row row_btt_skin=&#8221;light&#8221; row_background_text_position=&#8221;front&#8221;][vc_column width=&#8221;1\/3&#8243; css=&#8221;.vc_custom_1659268661237{padding-bottom: 90px !important;}&#8221;]<div class=\"mkdf-elements-holder   mkdf-one-column  mkdf-responsive-mode-768 \" ><div class=\"mkdf-eh-item    \"  data-item-class=\"mkdf-eh-custom-8039\">\n\t<div class=\"mkdf-eh-item-inner\">\n\t\t<div class=\"mkdf-eh-item-content mkdf-eh-custom-8039\" >\n\t\t\t<div class=\"mkdf-image-with-text-holder    mkdf-type-links-on-hover  \">\n    <div class=\"mkdf-iwt-image\">\n                                    <img src=\"https:\/\/oehringen-paletten-service.de\/wp-content\/uploads\/2022\/07\/ZS_0000_Europaletten-400x200.png\" alt=\"\" width=\"400\" height=\"200\" \/>                        <\/div>\n    <div class=\"mkdf-iwt-text-holder\">\n        <div class=\"mkdf-iwt-text-holder-inner\">\n                            <h4 class=\"mkdf-iwt-title\" >\n                                              CP 1                                     <\/h4>\n                                                        <p class=\"mkdf-iwt-text\" >Jetzt Anfragen<\/p>\n                    <\/div>\n    <\/div>\n            <div class=\"mkdf-iwt-text-links-holder\">\n            <a itemprop=\"url\" href=\"https:\/\/oehringen-paletten-service.de\/index.php\/contact-us\/\" target=\"_self\"  class=\"mkdf-btn mkdf-btn-medium mkdf-btn-simple mkdf-iwt-custom-link-2\"  >    <span class=\"mkdf-btn-text\">Jetzt Anfragen<\/span>    <\/a><a itemprop=\"url\" href=\"https:\/\/oehringen-paletten-service.de\/index.php\/contact-us\/\" target=\"_self\"  class=\"mkdf-btn mkdf-btn-medium mkdf-btn-simple mkdf-iwt-custom-link-2\"  >    <span class=\"mkdf-btn-text\">Mehr Info<\/span>    <\/a>        <\/div>\n    <\/div>\t\t<\/div>\n\t<\/div>\n<\/div><\/div>[\/vc_column][vc_column width=&#8221;1\/3&#8243; css=&#8221;.vc_custom_1659268666429{padding-bottom: 90px !important;}&#8221;]<div class=\"mkdf-elements-holder   mkdf-one-column  mkdf-responsive-mode-768 \" ><div class=\"mkdf-eh-item    \"  data-item-class=\"mkdf-eh-custom-3974\">\n\t<div class=\"mkdf-eh-item-inner\">\n\t\t<div class=\"mkdf-eh-item-content mkdf-eh-custom-3974\" >\n\t\t\t<div class=\"mkdf-image-with-text-holder    mkdf-type-links-on-hover  \">\n    <div class=\"mkdf-iwt-image\">\n                                    <img src=\"https:\/\/oehringen-paletten-service.de\/wp-content\/uploads\/2022\/07\/ZS_0000_Europaletten-400x200.png\" alt=\"\" width=\"400\" height=\"200\" \/>                        <\/div>\n    <div class=\"mkdf-iwt-text-holder\">\n        <div class=\"mkdf-iwt-text-holder-inner\">\n                            <h4 class=\"mkdf-iwt-title\" >\n                                              CP 2                                     <\/h4>\n                                                        <p class=\"mkdf-iwt-text\" >Jetzt Anfragen<\/p>\n                    <\/div>\n    <\/div>\n            <div class=\"mkdf-iwt-text-links-holder\">\n            <a itemprop=\"url\" href=\"https:\/\/oehringen-paletten-service.de\/index.php\/contact-us\/\" target=\"_self\"  class=\"mkdf-btn mkdf-btn-medium mkdf-btn-simple mkdf-iwt-custom-link-2\"  >    <span class=\"mkdf-btn-text\">Jetzt Anfragen<\/span>    <\/a><a itemprop=\"url\" href=\"https:\/\/oehringen-paletten-service.de\/index.php\/contact-us\/\" target=\"_self\"  class=\"mkdf-btn mkdf-btn-medium mkdf-btn-simple mkdf-iwt-custom-link-2\"  >    <span class=\"mkdf-btn-text\">Mehr Info<\/span>    <\/a>        <\/div>\n    <\/div>\t\t<\/div>\n\t<\/div>\n<\/div><\/div>[\/vc_column][vc_column width=&#8221;1\/3&#8243; css=&#8221;.vc_custom_1659268672819{padding-bottom: 90px !important;}&#8221;]<div class=\"mkdf-elements-holder   mkdf-one-column  mkdf-responsive-mode-768 \" ><div class=\"mkdf-eh-item    \"  data-item-class=\"mkdf-eh-custom-8039\">\n\t<div class=\"mkdf-eh-item-inner\">\n\t\t<div class=\"mkdf-eh-item-content mkdf-eh-custom-8039\" >\n\t\t\t<div class=\"mkdf-image-with-text-holder    mkdf-type-links-on-hover  \">\n    <div class=\"mkdf-iwt-image\">\n                                    <img src=\"https:\/\/oehringen-paletten-service.de\/wp-content\/uploads\/2022\/07\/ZS_0000_Europaletten-400x200.png\" alt=\"\" width=\"400\" height=\"200\" \/>                        <\/div>\n    <div class=\"mkdf-iwt-text-holder\">\n        <div class=\"mkdf-iwt-text-holder-inner\">\n                            <h4 class=\"mkdf-iwt-title\" >\n                                              CP 3                                     <\/h4>\n                                                        <p class=\"mkdf-iwt-text\" >Jetzt Anfragen<\/p>\n                    <\/div>\n    <\/div>\n            <div class=\"mkdf-iwt-text-links-holder\">\n            <a itemprop=\"url\" href=\"https:\/\/oehringen-paletten-service.de\/index.php\/contact-us\/\" target=\"_self\"  class=\"mkdf-btn mkdf-btn-medium mkdf-btn-simple mkdf-iwt-custom-link-2\"  >    <span class=\"mkdf-btn-text\">Jetzt Anfragen<\/span>    <\/a><a itemprop=\"url\" href=\"https:\/\/oehringen-paletten-service.de\/index.php\/contact-us\/\" target=\"_self\"  class=\"mkdf-btn mkdf-btn-medium mkdf-btn-simple mkdf-iwt-custom-link-2\"  >    <span class=\"mkdf-btn-text\">Mehr Info<\/span>    <\/a>        <\/div>\n    <\/div>\t\t<\/div>\n\t<\/div>\n<\/div><\/div>[\/vc_column][\/vc_row][vc_row row_btt_skin=&#8221;light&#8221; row_background_text_position=&#8221;front&#8221;][vc_column width=&#8221;1\/3&#8243; css=&#8221;.vc_custom_1659268738387{padding-bottom: 90px !important;}&#8221;]<div class=\"mkdf-elements-holder   mkdf-one-column  mkdf-responsive-mode-768 \" ><div class=\"mkdf-eh-item    \"  data-item-class=\"mkdf-eh-custom-9813\">\n\t<div class=\"mkdf-eh-item-inner\">\n\t\t<div class=\"mkdf-eh-item-content mkdf-eh-custom-9813\" >\n\t\t\t<div class=\"mkdf-image-with-text-holder    mkdf-type-links-on-hover  \">\n    <div class=\"mkdf-iwt-image\">\n                                    <img src=\"https:\/\/oehringen-paletten-service.de\/wp-content\/uploads\/2022\/07\/ZS_0000_Europaletten-400x200.png\" alt=\"\" width=\"400\" height=\"200\" \/>                        <\/div>\n    <div class=\"mkdf-iwt-text-holder\">\n        <div class=\"mkdf-iwt-text-holder-inner\">\n                            <h4 class=\"mkdf-iwt-title\" >\n                                              CP 4                                     <\/h4>\n                                                        <p class=\"mkdf-iwt-text\" >Jetzt Anfragen<\/p>\n                    <\/div>\n    <\/div>\n            <div class=\"mkdf-iwt-text-links-holder\">\n            <a itemprop=\"url\" href=\"https:\/\/oehringen-paletten-service.de\/index.php\/contact-us\/\" target=\"_self\"  class=\"mkdf-btn mkdf-btn-medium mkdf-btn-simple mkdf-iwt-custom-link-2\"  >    <span class=\"mkdf-btn-text\">Jetzt Anfragen<\/span>    <\/a><a itemprop=\"url\" href=\"https:\/\/oehringen-paletten-service.de\/index.php\/contact-us\/\" target=\"_self\"  class=\"mkdf-btn mkdf-btn-medium mkdf-btn-simple mkdf-iwt-custom-link-2\"  >    <span class=\"mkdf-btn-text\">Mehr Info<\/span>    <\/a>        <\/div>\n    <\/div>\t\t<\/div>\n\t<\/div>\n<\/div><\/div>[\/vc_column][vc_column width=&#8221;1\/3&#8243; css=&#8221;.vc_custom_1659268687932{padding-bottom: 90px !important;}&#8221;]<div class=\"mkdf-elements-holder   mkdf-one-column  mkdf-responsive-mode-768 \" ><div class=\"mkdf-eh-item    \"  data-item-class=\"mkdf-eh-custom-7759\">\n\t<div class=\"mkdf-eh-item-inner\">\n\t\t<div class=\"mkdf-eh-item-content mkdf-eh-custom-7759\" >\n\t\t\t<div class=\"mkdf-image-with-text-holder    mkdf-type-links-on-hover  \">\n    <div class=\"mkdf-iwt-image\">\n                                    <img src=\"https:\/\/oehringen-paletten-service.de\/wp-content\/uploads\/2022\/07\/ZS_0000_Europaletten-400x200.png\" alt=\"\" width=\"400\" height=\"200\" \/>                        <\/div>\n    <div class=\"mkdf-iwt-text-holder\">\n        <div class=\"mkdf-iwt-text-holder-inner\">\n                            <h4 class=\"mkdf-iwt-title\" >\n                                              CP 5                                     <\/h4>\n                                                        <p class=\"mkdf-iwt-text\" >Jetzt Anfragen<\/p>\n                    <\/div>\n    <\/div>\n            <div class=\"mkdf-iwt-text-links-holder\">\n            <a itemprop=\"url\" href=\"https:\/\/oehringen-paletten-service.de\/index.php\/contact-us\/\" target=\"_self\"  class=\"mkdf-btn mkdf-btn-medium mkdf-btn-simple mkdf-iwt-custom-link-2\"  >    <span class=\"mkdf-btn-text\">Jetzt Anfragen<\/span>    <\/a><a itemprop=\"url\" href=\"https:\/\/oehringen-paletten-service.de\/index.php\/contact-us\/\" target=\"_self\"  class=\"mkdf-btn mkdf-btn-medium mkdf-btn-simple mkdf-iwt-custom-link-2\"  >    <span class=\"mkdf-btn-text\">Mehr Info<\/span>    <\/a>        <\/div>\n    <\/div>\t\t<\/div>\n\t<\/div>\n<\/div><\/div>[\/vc_column][vc_column width=&#8221;1\/3&#8243; css=&#8221;.vc_custom_1659268694936{padding-bottom: 90px !important;}&#8221;]<div class=\"mkdf-elements-holder   mkdf-one-column  mkdf-responsive-mode-768 \" ><div class=\"mkdf-eh-item    \"  data-item-class=\"mkdf-eh-custom-7885\">\n\t<div class=\"mkdf-eh-item-inner\">\n\t\t<div class=\"mkdf-eh-item-content mkdf-eh-custom-7885\" >\n\t\t\t<div class=\"mkdf-image-with-text-holder    mkdf-type-links-on-hover  \">\n    <div class=\"mkdf-iwt-image\">\n                                    <img src=\"https:\/\/oehringen-paletten-service.de\/wp-content\/uploads\/2022\/07\/ZS_0000_Europaletten-400x200.png\" alt=\"\" width=\"400\" height=\"200\" \/>                        <\/div>\n    <div class=\"mkdf-iwt-text-holder\">\n        <div class=\"mkdf-iwt-text-holder-inner\">\n                            <h4 class=\"mkdf-iwt-title\" >\n                                              CP 6                                     <\/h4>\n                                                        <p class=\"mkdf-iwt-text\" >Jetzt Anfragen<\/p>\n                    <\/div>\n    <\/div>\n            <div class=\"mkdf-iwt-text-links-holder\">\n            <a itemprop=\"url\" href=\"https:\/\/oehringen-paletten-service.de\/index.php\/contact-us\/\" target=\"_self\"  class=\"mkdf-btn mkdf-btn-medium mkdf-btn-simple mkdf-iwt-custom-link-2\"  >    <span class=\"mkdf-btn-text\">Jetzt Anfragen<\/span>    <\/a><a itemprop=\"url\" href=\"https:\/\/oehringen-paletten-service.de\/index.php\/contact-us\/\" target=\"_self\"  class=\"mkdf-btn mkdf-btn-medium mkdf-btn-simple mkdf-iwt-custom-link-2\"  >    <span class=\"mkdf-btn-text\">Mehr Info<\/span>    <\/a>        <\/div>\n    <\/div>\t\t<\/div>\n\t<\/div>\n<\/div><\/div>[\/vc_column][\/vc_row][vc_row row_btt_skin=&#8221;light&#8221; row_background_text_position=&#8221;front&#8221;][vc_column width=&#8221;1\/3&#8243;]<div class=\"mkdf-elements-holder   mkdf-one-column  mkdf-responsive-mode-768 \" ><div class=\"mkdf-eh-item    \"  data-item-class=\"mkdf-eh-custom-1509\">\n\t<div class=\"mkdf-eh-item-inner\">\n\t\t<div class=\"mkdf-eh-item-content mkdf-eh-custom-1509\" >\n\t\t\t<div class=\"mkdf-image-with-text-holder    mkdf-type-links-on-hover  \">\n    <div class=\"mkdf-iwt-image\">\n                                    <img src=\"https:\/\/oehringen-paletten-service.de\/wp-content\/uploads\/2022\/07\/ZS_0000_Europaletten-400x200.png\" alt=\"\" width=\"400\" height=\"200\" \/>                        <\/div>\n    <div class=\"mkdf-iwt-text-holder\">\n        <div class=\"mkdf-iwt-text-holder-inner\">\n                            <h4 class=\"mkdf-iwt-title\" >\n                                              CP 7                                     <\/h4>\n                                                        <p class=\"mkdf-iwt-text\" >Jetzt Anfragen<\/p>\n                    <\/div>\n    <\/div>\n            <div class=\"mkdf-iwt-text-links-holder\">\n            <a itemprop=\"url\" href=\"https:\/\/oehringen-paletten-service.de\/index.php\/contact-us\/\" target=\"_self\"  class=\"mkdf-btn mkdf-btn-medium mkdf-btn-simple mkdf-iwt-custom-link-2\"  >    <span class=\"mkdf-btn-text\">Jetzt Anfragen<\/span>    <\/a><a itemprop=\"url\" href=\"https:\/\/oehringen-paletten-service.de\/index.php\/contact-us\/\" target=\"_self\"  class=\"mkdf-btn mkdf-btn-medium mkdf-btn-simple mkdf-iwt-custom-link-2\"  >    <span class=\"mkdf-btn-text\">Mehr Info<\/span>    <\/a>        <\/div>\n    <\/div>\t\t<\/div>\n\t<\/div>\n<\/div><\/div>[\/vc_column][vc_column width=&#8221;1\/3&#8243;]<div class=\"mkdf-elements-holder   mkdf-one-column  mkdf-responsive-mode-768 \" ><div class=\"mkdf-eh-item    \"  data-item-class=\"mkdf-eh-custom-9625\">\n\t<div class=\"mkdf-eh-item-inner\">\n\t\t<div class=\"mkdf-eh-item-content mkdf-eh-custom-9625\" >\n\t\t\t<div class=\"mkdf-image-with-text-holder    mkdf-type-links-on-hover  \">\n    <div class=\"mkdf-iwt-image\">\n                                    <img src=\"https:\/\/oehringen-paletten-service.de\/wp-content\/uploads\/2022\/07\/ZS_0000_Europaletten-400x200.png\" alt=\"\" width=\"400\" height=\"200\" \/>                        <\/div>\n    <div class=\"mkdf-iwt-text-holder\">\n        <div class=\"mkdf-iwt-text-holder-inner\">\n                            <h4 class=\"mkdf-iwt-title\" >\n                                              CP 8                                     <\/h4>\n                                                        <p class=\"mkdf-iwt-text\" >Jetzt Anfragen<\/p>\n                    <\/div>\n    <\/div>\n            <div class=\"mkdf-iwt-text-links-holder\">\n            <a itemprop=\"url\" href=\"https:\/\/oehringen-paletten-service.de\/index.php\/contact-us\/\" target=\"_self\"  class=\"mkdf-btn mkdf-btn-medium mkdf-btn-simple mkdf-iwt-custom-link-2\"  >    <span class=\"mkdf-btn-text\">Jetzt Anfragen<\/span>    <\/a><a itemprop=\"url\" href=\"https:\/\/oehringen-paletten-service.de\/index.php\/contact-us\/\" target=\"_self\"  class=\"mkdf-btn mkdf-btn-medium mkdf-btn-simple mkdf-iwt-custom-link-2\"  >    <span class=\"mkdf-btn-text\">Mehr Info<\/span>    <\/a>        <\/div>\n    <\/div>\t\t<\/div>\n\t<\/div>\n<\/div><\/div>[\/vc_column][vc_column width=&#8221;1\/3&#8243;]<div class=\"mkdf-elements-holder   mkdf-one-column  mkdf-responsive-mode-768 \" ><div class=\"mkdf-eh-item    \"  data-item-class=\"mkdf-eh-custom-6648\">\n\t<div class=\"mkdf-eh-item-inner\">\n\t\t<div class=\"mkdf-eh-item-content mkdf-eh-custom-6648\" >\n\t\t\t<div class=\"mkdf-image-with-text-holder    mkdf-type-links-on-hover  \">\n    <div class=\"mkdf-iwt-image\">\n                                    <img src=\"https:\/\/oehringen-paletten-service.de\/wp-content\/uploads\/2022\/07\/ZS_0000_Europaletten-400x200.png\" alt=\"\" width=\"400\" height=\"200\" \/>                        <\/div>\n    <div class=\"mkdf-iwt-text-holder\">\n        <div class=\"mkdf-iwt-text-holder-inner\">\n                            <h4 class=\"mkdf-iwt-title\" >\n                                              CP 9                                     <\/h4>\n                                                        <p class=\"mkdf-iwt-text\" >Jetzt Anfragen<\/p>\n                    <\/div>\n    <\/div>\n            <div class=\"mkdf-iwt-text-links-holder\">\n            <a itemprop=\"url\" href=\"https:\/\/oehringen-paletten-service.de\/index.php\/contact-us\/\" target=\"_self\"  class=\"mkdf-btn mkdf-btn-medium mkdf-btn-simple mkdf-iwt-custom-link-2\"  >    <span class=\"mkdf-btn-text\">Jetzt Anfragen<\/span>    <\/a><a itemprop=\"url\" href=\"https:\/\/oehringen-paletten-service.de\/index.php\/contact-us\/\" target=\"_self\"  class=\"mkdf-btn mkdf-btn-medium mkdf-btn-simple mkdf-iwt-custom-link-2\"  >    <span class=\"mkdf-btn-text\">Mehr Info<\/span>    <\/a>        <\/div>\n    <\/div>\t\t<\/div>\n\t<\/div>\n<\/div><\/div>[\/vc_column][\/vc_row]<\/p>\n<\/section>","protected":false},"excerpt":{"rendered":"<p>[vc_row row_btt_skin=&#8221;light&#8221; row_background_text_position=&#8221;front&#8221;][vc_column][vc_column_text] CP Paletten von \u00d6hringen Paletten Service [\/vc_column_text][\/vc_column][\/vc_row][vc_row row_btt_skin=&#8221;light&#8221; row_background_text_position=&#8221;front&#8221;][vc_column width=&#8221;1\/2&#8243; css=&#8221;.vc_custom_1659268620952{padding-bottom: 90px !important;}&#8221;][vc_column_text] Die Nutzung von Kunststoffpaletten ist weit verbreitet. Unternehmen vieler Branchen interessieren sich zunehmend f\u00fcr langlebige und hygienische Materialfluss-L\u00f6sungen, die sich im t\u00e4glichen Handling bew\u00e4hren. [&hellip;]<\/p>\n","protected":false},"author":1,"featured_media":0,"parent":0,"menu_order":0,"comment_status":"closed","ping_status":"closed","template":"","meta":{"om_disable_all_campaigns":false,"_monsterinsights_skip_tracking":false,"_monsterinsights_sitenote_active":false,"_monsterinsights_sitenote_note":"","_monsterinsights_sitenote_category":0},"aioseo_notices":[],"_links":{"self":[{"href":"https:\/\/oehringen-paletten-service.de\/index.php\/wp-json\/wp\/v2\/pages\/6977"}],"collection":[{"href":"https:\/\/oehringen-paletten-service.de\/index.php\/wp-json\/wp\/v2\/pages"}],"about":[{"href":"https:\/\/oehringen-paletten-service.de\/index.php\/wp-json\/wp\/v2\/types\/page"}],"author":[{"embeddable":true,"href":"https:\/\/oehringen-paletten-service.de\/index.php\/wp-json\/wp\/v2\/users\/1"}],"replies":[{"embeddable":true,"href":"https:\/\/oehringen-paletten-service.de\/index.php\/wp-json\/wp\/v2\/comments?post=6977"}],"version-history":[{"count":4,"href":"https:\/\/oehringen-paletten-service.de\/index.php\/wp-json\/wp\/v2\/pages\/6977\/revisions"}],"predecessor-version":[{"id":7066,"href":"https:\/\/oehringen-paletten-service.de\/index.php\/wp-json\/wp\/v2\/pages\/6977\/revisions\/7066"}],"wp:attachment":[{"href":"https:\/\/oehringen-paletten-service.de\/index.php\/wp-json\/wp\/v2\/media?parent=6977"}],"curies":[{"name":"wp","href":"https:\/\/api.w.org\/{rel}","templated":true}]}}