{"id":6980,"date":"2022-07-27T17:36:23","date_gmt":"2022-07-27T17:36:23","guid":{"rendered":"https:\/\/oehringen-paletten-service.de\/?page_id=6980"},"modified":"2022-07-31T12:25:04","modified_gmt":"2022-07-31T12:25:04","slug":"dusseldorfer-palette","status":"publish","type":"page","link":"https:\/\/oehringen-paletten-service.de\/index.php\/dusseldorfer-palette\/","title":{"rendered":"D\u00fcsseldorfer-Palette"},"content":{"rendered":"<section class=\"wpb-content-wrapper\"><p>[vc_row row_btt_skin=&#8221;light&#8221; row_background_text_position=&#8221;front&#8221;][vc_column css=&#8221;.vc_custom_1659270200932{padding-top: 10px !important;}&#8221;][vc_column_text]<\/p>\n<h4>D\u00fcsseldorf Paletten von <span style=\"color: #008000;\">\u00d6hringen Paletten Service<\/span><\/h4>\n<p>[\/vc_column_text][\/vc_column][\/vc_row][vc_row row_btt_skin=&#8221;light&#8221; row_background_text_position=&#8221;front&#8221;][vc_column width=&#8221;1\/2&#8243; css=&#8221;.vc_custom_1659270179824{padding-bottom: 90px !important;}&#8221;][vc_column_text]<\/p>\n<h5>Die D\u00fcsseldorfer Palette wird f\u00fcr Warenstr\u00f6me zwischen Industrie und Handel eingesetzt. Vor allem im Nahrungs- und Genussmittelsektor ist diese Palette sehr beliebt und wird im Tauschverfahren eingesetzt. Die Paletten sind besonders stabil gebaut, garantieren einen sicheren Transport und absolute Standsicherheit. Sie erweisen sich als \u00e4u\u00dferst langlebig und robust.<\/h5>\n<p>[\/vc_column_text][\/vc_column][vc_column width=&#8221;1\/2&#8243; css=&#8221;.vc_custom_1659270188433{padding-bottom: 90px !important;}&#8221;][vc_column_text]<\/p>\n<h5>Beliebige Waren lassen sich auf D\u00fcsseldorfer Paletten ohne Besch\u00e4digung transportieren und im Verkaufsraum (POS) ansprechend pr\u00e4sentieren, ohne dass zeitaufw\u00e4ndiges Be- und Entladen zu Unterbrechungen im Warenfluss f\u00fchrt. Sie ben\u00f6tigen D\u00fcsseldorfer Paletten? Gerne unterbreiten wir Ihnen ein Angebot.<\/h5>\n<p>[\/vc_column_text][\/vc_column][\/vc_row][vc_row row_btt_skin=&#8221;light&#8221; row_background_text_position=&#8221;front&#8221;][vc_column width=&#8221;1\/2&#8243;]<div class=\"mkdf-elements-holder   mkdf-one-column  mkdf-responsive-mode-768 \" ><div class=\"mkdf-eh-item    \"  data-item-class=\"mkdf-eh-custom-7227\">\n\t<div class=\"mkdf-eh-item-inner\">\n\t\t<div class=\"mkdf-eh-item-content mkdf-eh-custom-7227\" >\n\t\t\t<div class=\"mkdf-image-with-text-holder    mkdf-type-links-on-hover  \">\n    <div class=\"mkdf-iwt-image\">\n                                    <img src=\"https:\/\/oehringen-paletten-service.de\/wp-content\/uploads\/2022\/07\/duesseldorfer-palette-neu-1-500x333-1-400x200.webp\" alt=\"\" width=\"400\" height=\"200\" \/>                        <\/div>\n    <div class=\"mkdf-iwt-text-holder\">\n        <div class=\"mkdf-iwt-text-holder-inner\">\n                            <h4 class=\"mkdf-iwt-title\" >\n                                              NEUE D\u00dcSSELDORFER PALETTEN                                     <\/h4>\n                                                        <p class=\"mkdf-iwt-text\" >Jetzt Anfragen<\/p>\n                    <\/div>\n    <\/div>\n            <div class=\"mkdf-iwt-text-links-holder\">\n            <a itemprop=\"url\" href=\"https:\/\/oehringen-paletten-service.de\/index.php\/contact-us\/\" target=\"_self\"  class=\"mkdf-btn mkdf-btn-medium mkdf-btn-simple mkdf-iwt-custom-link-2\"  >    <span class=\"mkdf-btn-text\">Jetzt Anfragen<\/span>    <\/a><a itemprop=\"url\" href=\"https:\/\/oehringen-paletten-service.de\/index.php\/contact-us\/\" target=\"_self\"  class=\"mkdf-btn mkdf-btn-medium mkdf-btn-simple mkdf-iwt-custom-link-2\"  >    <span class=\"mkdf-btn-text\">Mehr Info<\/span>    <\/a>        <\/div>\n    <\/div>\t\t<\/div>\n\t<\/div>\n<\/div><\/div>[\/vc_column][vc_column width=&#8221;1\/2&#8243;]<div class=\"mkdf-elements-holder   mkdf-one-column  mkdf-responsive-mode-768 \" ><div class=\"mkdf-eh-item    \"  data-item-class=\"mkdf-eh-custom-8049\">\n\t<div class=\"mkdf-eh-item-inner\">\n\t\t<div class=\"mkdf-eh-item-content mkdf-eh-custom-8049\" >\n\t\t\t<div class=\"mkdf-image-with-text-holder    mkdf-type-links-on-hover  \">\n    <div class=\"mkdf-iwt-image\">\n                                    <img src=\"https:\/\/oehringen-paletten-service.de\/wp-content\/uploads\/2022\/07\/duesseldorfer-palette-neu-1-500x333-1-400x200.webp\" alt=\"\" width=\"400\" height=\"200\" \/>                        <\/div>\n    <div class=\"mkdf-iwt-text-holder\">\n        <div class=\"mkdf-iwt-text-holder-inner\">\n                            <h4 class=\"mkdf-iwt-title\" >\n                                              GEBRAUCHTE D\u00dcSSELDORFER PALETTEN                                     <\/h4>\n                                                        <p class=\"mkdf-iwt-text\" >Jetzt Anfragen<\/p>\n                    <\/div>\n    <\/div>\n            <div class=\"mkdf-iwt-text-links-holder\">\n            <a itemprop=\"url\" href=\"https:\/\/oehringen-paletten-service.de\/index.php\/contact-us\/\" target=\"_self\"  class=\"mkdf-btn mkdf-btn-medium mkdf-btn-simple mkdf-iwt-custom-link-2\"  >    <span class=\"mkdf-btn-text\">Jetzt Anfragen<\/span>    <\/a><a itemprop=\"url\" href=\"https:\/\/oehringen-paletten-service.de\/index.php\/contact-us\/\" target=\"_self\"  class=\"mkdf-btn mkdf-btn-medium mkdf-btn-simple mkdf-iwt-custom-link-2\"  >    <span class=\"mkdf-btn-text\">Mehr Info<\/span>    <\/a>        <\/div>\n    <\/div>\t\t<\/div>\n\t<\/div>\n<\/div><\/div>[\/vc_column][\/vc_row]<\/p>\n<\/section>","protected":false},"excerpt":{"rendered":"<p>[vc_row row_btt_skin=&#8221;light&#8221; row_background_text_position=&#8221;front&#8221;][vc_column css=&#8221;.vc_custom_1659270200932{padding-top: 10px !important;}&#8221;][vc_column_text] D\u00fcsseldorf Paletten von \u00d6hringen Paletten Service [\/vc_column_text][\/vc_column][\/vc_row][vc_row row_btt_skin=&#8221;light&#8221; row_background_text_position=&#8221;front&#8221;][vc_column width=&#8221;1\/2&#8243; css=&#8221;.vc_custom_1659270179824{padding-bottom: 90px !important;}&#8221;][vc_column_text] Die D\u00fcsseldorfer Palette wird f\u00fcr Warenstr\u00f6me zwischen Industrie und Handel eingesetzt. Vor allem im Nahrungs- und Genussmittelsektor ist diese Palette sehr [&hellip;]<\/p>\n","protected":false},"author":1,"featured_media":0,"parent":0,"menu_order":0,"comment_status":"closed","ping_status":"closed","template":"","meta":{"om_disable_all_campaigns":false,"_monsterinsights_skip_tracking":false,"_monsterinsights_sitenote_active":false,"_monsterinsights_sitenote_note":"","_monsterinsights_sitenote_category":0},"aioseo_notices":[],"_links":{"self":[{"href":"https:\/\/oehringen-paletten-service.de\/index.php\/wp-json\/wp\/v2\/pages\/6980"}],"collection":[{"href":"https:\/\/oehringen-paletten-service.de\/index.php\/wp-json\/wp\/v2\/pages"}],"about":[{"href":"https:\/\/oehringen-paletten-service.de\/index.php\/wp-json\/wp\/v2\/types\/page"}],"author":[{"embeddable":true,"href":"https:\/\/oehringen-paletten-service.de\/index.php\/wp-json\/wp\/v2\/users\/1"}],"replies":[{"embeddable":true,"href":"https:\/\/oehringen-paletten-service.de\/index.php\/wp-json\/wp\/v2\/comments?post=6980"}],"version-history":[{"count":3,"href":"https:\/\/oehringen-paletten-service.de\/index.php\/wp-json\/wp\/v2\/pages\/6980\/revisions"}],"predecessor-version":[{"id":7033,"href":"https:\/\/oehringen-paletten-service.de\/index.php\/wp-json\/wp\/v2\/pages\/6980\/revisions\/7033"}],"wp:attachment":[{"href":"https:\/\/oehringen-paletten-service.de\/index.php\/wp-json\/wp\/v2\/media?parent=6980"}],"curies":[{"name":"wp","href":"https:\/\/api.w.org\/{rel}","templated":true}]}}