{"id":6983,"date":"2022-07-27T17:49:02","date_gmt":"2022-07-27T17:49:02","guid":{"rendered":"https:\/\/oehringen-paletten-service.de\/?page_id=6983"},"modified":"2022-07-31T12:54:15","modified_gmt":"2022-07-31T12:54:15","slug":"paletten-aufsatzrahmen","status":"publish","type":"page","link":"https:\/\/oehringen-paletten-service.de\/index.php\/paletten-aufsatzrahmen\/","title":{"rendered":"PALETTEN-AUFSATZRAHMEN"},"content":{"rendered":"<section class=\"wpb-content-wrapper\"><p>[vc_row row_btt_skin=&#8221;light&#8221; row_background_text_position=&#8221;front&#8221;][vc_column][vc_column_text]<\/p>\n<h4>Aufsatzrahmen Palette von <span style=\"color: #008000;\">\u00d6hringen Paletten Service<\/span><\/h4>\n<p>[\/vc_column_text][\/vc_column][\/vc_row][vc_row row_btt_skin=&#8221;light&#8221; row_background_text_position=&#8221;front&#8221;][vc_column width=&#8221;1\/2&#8243; css=&#8221;.vc_custom_1659271430385{padding-bottom: 90px !important;}&#8221;][vc_column_text]<\/p>\n<h6>Holzaufsatzrahmen f\u00fcr Paletten sind komfortable, wirtschaftliche Mehrwegverpackungen, die vor allem f\u00fcr den Transport und die Lagerung von sperrigen, kompakten oder zerbrechlichen Produkten eingesetzt werden und der Ladegutsicherung dienen. Sie sind in verschiedenen Standardh\u00f6hen erh\u00e4ltlich und k\u00f6nnen so individuell an die F\u00fcllh\u00f6he angepasst werden.<\/h6>\n<p>[\/vc_column_text][\/vc_column][vc_column width=&#8221;1\/2&#8243; css=&#8221;.vc_custom_1659271437213{padding-bottom: 90px !important;}&#8221;][vc_column_text]<\/p>\n<h6>Aufsatzrahmen verf\u00fcgen \u00fcber eine flexible Konstruktion und erlauben die Optimierung von Lagerplatz. Sie sind sehr langlebig, robust und f\u00fcr den Export zugelassen. F\u00fcr den oberen Abschluss bieten wir auch Deckel an. Sie interessieren sich f\u00fcr diese durchdachte L\u00f6sung? Gerne unterbreiten wir Ihnen ein Angebot.<\/h6>\n<p>[\/vc_column_text][\/vc_column][\/vc_row][vc_row content_placement=&#8221;middle&#8221; row_btt_skin=&#8221;light&#8221; row_background_text_position=&#8221;front&#8221;][vc_column width=&#8221;1\/2&#8243; css=&#8221;.vc_custom_1659272042267{padding-left: 120px !important;}&#8221;]<div class=\"mkdf-elements-holder   mkdf-one-column mkdf-ehi-float mkdf-responsive-mode-768 \" ><div class=\"mkdf-eh-item    \"  data-item-class=\"mkdf-eh-custom-3453\">\n\t<div class=\"mkdf-eh-item-inner\">\n\t\t<div class=\"mkdf-eh-item-content mkdf-eh-custom-3453\" >\n\t\t\t<div class=\"mkdf-image-with-text-holder    mkdf-type-links-on-hover  \">\n    <div class=\"mkdf-iwt-image\">\n                                    <img src=\"https:\/\/oehringen-paletten-service.de\/wp-content\/uploads\/2022\/07\/rehausse-de-palette-en-bois-naturel-800-x-600mm-400x200.jpg\" alt=\"\" width=\"400\" height=\"200\" \/>                        <\/div>\n    <div class=\"mkdf-iwt-text-holder\">\n        <div class=\"mkdf-iwt-text-holder-inner\">\n                            <h4 class=\"mkdf-iwt-title\" >\n                                              NEUE AUFSATZRAHMEN                                     <\/h4>\n                                                        <p class=\"mkdf-iwt-text\" >Jetzt Anfragen<\/p>\n                    <\/div>\n    <\/div>\n            <div class=\"mkdf-iwt-text-links-holder\">\n            <a itemprop=\"url\" href=\"https:\/\/oehringen-paletten-service.de\/index.php\/contact-us\/\" target=\"_self\"  class=\"mkdf-btn mkdf-btn-medium mkdf-btn-simple mkdf-iwt-custom-link-2\"  >    <span class=\"mkdf-btn-text\">Jetzt Anfragen<\/span>    <\/a><a itemprop=\"url\" href=\"https:\/\/oehringen-paletten-service.de\/index.php\/contact-us\/\" target=\"_self\"  class=\"mkdf-btn mkdf-btn-medium mkdf-btn-simple mkdf-iwt-custom-link-2\"  >    <span class=\"mkdf-btn-text\">Mehr Info<\/span>    <\/a>        <\/div>\n    <\/div>\t\t<\/div>\n\t<\/div>\n<\/div><\/div>[\/vc_column][vc_column width=&#8221;1\/2&#8243; css=&#8221;.vc_custom_1659271457066{padding-left: 20px !important;}&#8221;]<div class=\"mkdf-elements-holder   mkdf-one-column  mkdf-responsive-mode-768 \" ><div class=\"mkdf-eh-item    \"  data-item-class=\"mkdf-eh-custom-6602\">\n\t<div class=\"mkdf-eh-item-inner\">\n\t\t<div class=\"mkdf-eh-item-content mkdf-eh-custom-6602\" >\n\t\t\t<div class=\"mkdf-image-with-text-holder    mkdf-type-links-on-hover  \">\n    <div class=\"mkdf-iwt-image\">\n                                    <img src=\"https:\/\/oehringen-paletten-service.de\/wp-content\/uploads\/2022\/07\/rehausse-de-palette-en-bois-naturel-800-x-600mm-400x200.jpg\" alt=\"\" width=\"400\" height=\"200\" \/>                        <\/div>\n    <div class=\"mkdf-iwt-text-holder\">\n        <div class=\"mkdf-iwt-text-holder-inner\">\n                            <h4 class=\"mkdf-iwt-title\" >\n                                              GEBRAUCHTE AUFSATZRAHMEN                                     <\/h4>\n                                                        <p class=\"mkdf-iwt-text\" >Jetzt Anfragen<\/p>\n                    <\/div>\n    <\/div>\n            <div class=\"mkdf-iwt-text-links-holder\">\n            <a itemprop=\"url\" href=\"https:\/\/oehringen-paletten-service.de\/index.php\/contact-us\/\" target=\"_self\"  class=\"mkdf-btn mkdf-btn-medium mkdf-btn-simple mkdf-iwt-custom-link-2\"  >    <span class=\"mkdf-btn-text\">Jetzt Anfragen<\/span>    <\/a><a itemprop=\"url\" href=\"https:\/\/oehringen-paletten-service.de\/index.php\/contact-us\/\" target=\"_self\"  class=\"mkdf-btn mkdf-btn-medium mkdf-btn-simple mkdf-iwt-custom-link-2\"  >    <span class=\"mkdf-btn-text\">Mehr Info<\/span>    <\/a>        <\/div>\n    <\/div>\t\t<\/div>\n\t<\/div>\n<\/div><\/div>[\/vc_column][\/vc_row]<\/p>\n<\/section>","protected":false},"excerpt":{"rendered":"<p>[vc_row row_btt_skin=&#8221;light&#8221; row_background_text_position=&#8221;front&#8221;][vc_column][vc_column_text] Aufsatzrahmen Palette von \u00d6hringen Paletten Service [\/vc_column_text][\/vc_column][\/vc_row][vc_row row_btt_skin=&#8221;light&#8221; row_background_text_position=&#8221;front&#8221;][vc_column width=&#8221;1\/2&#8243; css=&#8221;.vc_custom_1659271430385{padding-bottom: 90px !important;}&#8221;][vc_column_text] Holzaufsatzrahmen f\u00fcr Paletten sind komfortable, wirtschaftliche Mehrwegverpackungen, die vor allem f\u00fcr den Transport und die Lagerung von sperrigen, kompakten oder zerbrechlichen Produkten eingesetzt werden [&hellip;]<\/p>\n","protected":false},"author":1,"featured_media":0,"parent":0,"menu_order":0,"comment_status":"closed","ping_status":"closed","template":"","meta":{"om_disable_all_campaigns":false,"_monsterinsights_skip_tracking":false,"_monsterinsights_sitenote_active":false,"_monsterinsights_sitenote_note":"","_monsterinsights_sitenote_category":0},"aioseo_notices":[],"_links":{"self":[{"href":"https:\/\/oehringen-paletten-service.de\/index.php\/wp-json\/wp\/v2\/pages\/6983"}],"collection":[{"href":"https:\/\/oehringen-paletten-service.de\/index.php\/wp-json\/wp\/v2\/pages"}],"about":[{"href":"https:\/\/oehringen-paletten-service.de\/index.php\/wp-json\/wp\/v2\/types\/page"}],"author":[{"embeddable":true,"href":"https:\/\/oehringen-paletten-service.de\/index.php\/wp-json\/wp\/v2\/users\/1"}],"replies":[{"embeddable":true,"href":"https:\/\/oehringen-paletten-service.de\/index.php\/wp-json\/wp\/v2\/comments?post=6983"}],"version-history":[{"count":4,"href":"https:\/\/oehringen-paletten-service.de\/index.php\/wp-json\/wp\/v2\/pages\/6983\/revisions"}],"predecessor-version":[{"id":7043,"href":"https:\/\/oehringen-paletten-service.de\/index.php\/wp-json\/wp\/v2\/pages\/6983\/revisions\/7043"}],"wp:attachment":[{"href":"https:\/\/oehringen-paletten-service.de\/index.php\/wp-json\/wp\/v2\/media?parent=6983"}],"curies":[{"name":"wp","href":"https:\/\/api.w.org\/{rel}","templated":true}]}}