{"id":6989,"date":"2022-07-27T17:53:55","date_gmt":"2022-07-27T17:53:55","guid":{"rendered":"https:\/\/oehringen-paletten-service.de\/?page_id=6989"},"modified":"2022-07-31T13:46:06","modified_gmt":"2022-07-31T13:46:06","slug":"e2-kisten","status":"publish","type":"page","link":"https:\/\/oehringen-paletten-service.de\/index.php\/e2-kisten\/","title":{"rendered":"E2-Kisten"},"content":{"rendered":"<section class=\"wpb-content-wrapper\"><p>[vc_row row_btt_skin=&#8221;light&#8221; row_background_text_position=&#8221;front&#8221;][vc_column][vc_column_text]<\/p>\n<h4>E2 Kisten von <span style=\"color: #008000;\">\u00d6hringen Paletten Service<\/span><\/h4>\n<p>[\/vc_column_text][\/vc_column][\/vc_row][vc_row row_btt_skin=&#8221;light&#8221; row_background_text_position=&#8221;front&#8221;][vc_column width=&#8221;1\/2&#8243; css=&#8221;.vc_custom_1659274968104{padding-bottom: 120px !important;}&#8221;][vc_column_text]<\/p>\n<h6>E2-Kisten sind aus einem f\u00fcr Lebensmitteltransporte zugelassenem Kunststoff gefertigt und werden daher vor allem f\u00fcr Hygienetransporte im Handel eingesetzt. Die stabilen Ladungstr\u00e4ger werden am h\u00e4ufigsten im Lebensmitteltransport von frischer Ware (Fleisch, Fisch) eingesetzt.<\/h6>\n<p>[\/vc_column_text][\/vc_column][vc_column width=&#8221;1\/2&#8243; css=&#8221;.vc_custom_1659274983057{padding-bottom: 120px !important;}&#8221;][vc_column_text]<\/p>\n<h6>Sie entsprechen allen Anforderungen an Hygiene und Sicherheit, sind leicht zu reinigen und bequem zu tragen. Sie interessieren sich f\u00fcr E2-Kisten? Gerne unterbreiten wir Ihnen ein Angebot.<\/h6>\n<p>[\/vc_column_text][\/vc_column][\/vc_row][vc_row row_btt_skin=&#8221;light&#8221; row_background_text_position=&#8221;front&#8221;][vc_column width=&#8221;1\/2&#8243; css=&#8221;.vc_custom_1659275131307{padding-left: 120px !important;}&#8221;]<div class=\"mkdf-image-with-text-holder    mkdf-type-links-on-hover  \">\n    <div class=\"mkdf-iwt-image\">\n                                    <img src=\"https:\/\/oehringen-paletten-service.de\/wp-content\/uploads\/2022\/07\/2ekisten-400x200.jpeg\" alt=\"\" width=\"400\" height=\"200\" \/>                        <\/div>\n    <div class=\"mkdf-iwt-text-holder\">\n        <div class=\"mkdf-iwt-text-holder-inner\">\n                            <h4 class=\"mkdf-iwt-title\" >\n                                              NEUE E2-KISTEN                                     <\/h4>\n                                                        <p class=\"mkdf-iwt-text\" >Jetzt Anfragen<\/p>\n                    <\/div>\n    <\/div>\n            <div class=\"mkdf-iwt-text-links-holder\">\n            <a itemprop=\"url\" href=\"https:\/\/oehringen-paletten-service.de\/index.php\/contact-us\/\" target=\"_self\"  class=\"mkdf-btn mkdf-btn-medium mkdf-btn-simple mkdf-iwt-custom-link-2\"  >    <span class=\"mkdf-btn-text\">Jetzt Anfragen<\/span>    <\/a><a itemprop=\"url\" href=\"https:\/\/oehringen-paletten-service.de\/index.php\/contact-us\/\" target=\"_self\"  class=\"mkdf-btn mkdf-btn-medium mkdf-btn-simple mkdf-iwt-custom-link-2\"  >    <span class=\"mkdf-btn-text\">Mehr Info<\/span>    <\/a>        <\/div>\n    <\/div>[\/vc_column][vc_column width=&#8221;1\/2&#8243;]<div class=\"mkdf-image-with-text-holder    mkdf-type-links-on-hover  \">\n    <div class=\"mkdf-iwt-image\">\n                                    <img src=\"https:\/\/oehringen-paletten-service.de\/wp-content\/uploads\/2022\/07\/2ekisten-400x200.jpeg\" alt=\"\" width=\"400\" height=\"200\" \/>                        <\/div>\n    <div class=\"mkdf-iwt-text-holder\">\n        <div class=\"mkdf-iwt-text-holder-inner\">\n                            <h4 class=\"mkdf-iwt-title\" >\n                                              GEBRAUCHTE E2-KISTEN                                     <\/h4>\n                                                        <p class=\"mkdf-iwt-text\" >Jetzt Anfragen<\/p>\n                    <\/div>\n    <\/div>\n            <div class=\"mkdf-iwt-text-links-holder\">\n            <a itemprop=\"url\" href=\"https:\/\/oehringen-paletten-service.de\/index.php\/contact-us\/\" target=\"_self\"  class=\"mkdf-btn mkdf-btn-medium mkdf-btn-simple mkdf-iwt-custom-link-2\"  >    <span class=\"mkdf-btn-text\">Jetzt Anfragen<\/span>    <\/a><a itemprop=\"url\" href=\"https:\/\/oehringen-paletten-service.de\/index.php\/contact-us\/\" target=\"_self\"  class=\"mkdf-btn mkdf-btn-medium mkdf-btn-simple mkdf-iwt-custom-link-2\"  >    <span class=\"mkdf-btn-text\">Mehr Info<\/span>    <\/a>        <\/div>\n    <\/div>[\/vc_column][\/vc_row]<\/p>\n<\/section>","protected":false},"excerpt":{"rendered":"<p>[vc_row row_btt_skin=&#8221;light&#8221; row_background_text_position=&#8221;front&#8221;][vc_column][vc_column_text] E2 Kisten von \u00d6hringen Paletten Service [\/vc_column_text][\/vc_column][\/vc_row][vc_row row_btt_skin=&#8221;light&#8221; row_background_text_position=&#8221;front&#8221;][vc_column width=&#8221;1\/2&#8243; css=&#8221;.vc_custom_1659274968104{padding-bottom: 120px !important;}&#8221;][vc_column_text] E2-Kisten sind aus einem f\u00fcr Lebensmitteltransporte zugelassenem Kunststoff gefertigt und werden daher vor allem f\u00fcr Hygienetransporte im Handel eingesetzt. Die stabilen Ladungstr\u00e4ger werden am [&hellip;]<\/p>\n","protected":false},"author":1,"featured_media":0,"parent":0,"menu_order":0,"comment_status":"closed","ping_status":"closed","template":"","meta":{"om_disable_all_campaigns":false,"_monsterinsights_skip_tracking":false,"_monsterinsights_sitenote_active":false,"_monsterinsights_sitenote_note":"","_monsterinsights_sitenote_category":0},"aioseo_notices":[],"_links":{"self":[{"href":"https:\/\/oehringen-paletten-service.de\/index.php\/wp-json\/wp\/v2\/pages\/6989"}],"collection":[{"href":"https:\/\/oehringen-paletten-service.de\/index.php\/wp-json\/wp\/v2\/pages"}],"about":[{"href":"https:\/\/oehringen-paletten-service.de\/index.php\/wp-json\/wp\/v2\/types\/page"}],"author":[{"embeddable":true,"href":"https:\/\/oehringen-paletten-service.de\/index.php\/wp-json\/wp\/v2\/users\/1"}],"replies":[{"embeddable":true,"href":"https:\/\/oehringen-paletten-service.de\/index.php\/wp-json\/wp\/v2\/comments?post=6989"}],"version-history":[{"count":3,"href":"https:\/\/oehringen-paletten-service.de\/index.php\/wp-json\/wp\/v2\/pages\/6989\/revisions"}],"predecessor-version":[{"id":7063,"href":"https:\/\/oehringen-paletten-service.de\/index.php\/wp-json\/wp\/v2\/pages\/6989\/revisions\/7063"}],"wp:attachment":[{"href":"https:\/\/oehringen-paletten-service.de\/index.php\/wp-json\/wp\/v2\/media?parent=6989"}],"curies":[{"name":"wp","href":"https:\/\/api.w.org\/{rel}","templated":true}]}}